{"id":2547,"date":"2025-09-10T15:22:43","date_gmt":"2025-09-10T13:22:43","guid":{"rendered":"https:\/\/carpartsinmotion.com\/kontakt\/"},"modified":"2025-12-10T21:09:50","modified_gmt":"2025-12-10T20:09:50","slug":"kontakt","status":"publish","type":"page","link":"https:\/\/carpartsinmotion.com\/de\/kontakt\/","title":{"rendered":"Kontakt"},"content":{"rendered":"<p>[et_pb_section fb_built=&#8220;1&#8243; _builder_version=&#8220;4.27.4&#8243; _module_preset=&#8220;default&#8220; background_image=&#8220;https:\/\/carpartsinmotion.com\/wp-content\/uploads\/2025\/10\/achtergrondelement-kleurpoeder-v2.png&#8220; background_size=&#8220;initial&#8220; background_position=&#8220;top_right&#8220; background_horizontal_offset=&#8220;-20%&#8220; background_vertical_offset=&#8220;38%&#8220; custom_margin=&#8220;||||false|false&#8220; custom_padding=&#8220;0px||||false|false&#8220; background_last_edited=&#8220;on|tablet&#8220; background_size_phone=&#8220;custom&#8220; background_image_width_phone=&#8220;475px&#8220; background_image_height_phone=&#8220;477px&#8220; background_horizontal_offset_tablet=&#8220;-400px&#8220; background_horizontal_offset_phone=&#8220;-275px&#8220; background_vertical_offset_tablet=&#8220;13%&#8220; background_vertical_offset_phone=&#8220;23%&#8220; custom_css_free_form=&#8220;@media only screen and (max-width: 480px) { div.et_pb_section.et_pb_section_0 {||    background-size: 475px 477px!important; ||  background-position: right -275px top 23%!important; ||}||} ||||@media only screen and (max-width: 980px) and (min-width: 481px) {||    div.et_pb_section.et_pb_section_0 {||        background-position: right -400px top 13% !important;||    }||}||||@media only screen and (max-width: 480px) {||    div.et_pb_section.et_pb_section_0 {||        background-position: right -285px top 28% !important;||    }||}&#8220; global_colors_info=&#8220;{}&#8220;][et_pb_row custom_padding_last_edited=&#8220;on|phone&#8220; _builder_version=&#8220;4.27.4&#8243; _module_preset=&#8220;default&#8220; use_background_color_gradient=&#8220;on&#8220; background_color_gradient_direction=&#8220;251deg&#8220; background_color_gradient_stops=&#8220;#20a4f3 0%|#3883e1 20%|#5161ce 51%|#6940bc 75%|#821ea9 100%&#8220; width=&#8220;99%&#8220; width_tablet=&#8220;98%&#8220; width_phone=&#8220;95%&#8220; width_last_edited=&#8220;on|desktop&#8220; max_width=&#8220;2560px&#8220; overflow-x=&#8220;visible&#8220; overflow-y=&#8220;visible&#8220; custom_margin=&#8220;||22px||false|false&#8220; custom_padding=&#8220;208px||128px|149px|false|false&#8220; custom_padding_tablet=&#8220;177px||86px|0px|false|false&#8220; custom_padding_phone=&#8220;149px||86px||false|false&#8220; border_radii=&#8220;on|25px|25px|25px|25px&#8220; global_colors_info=&#8220;{}&#8220;][et_pb_column type=&#8220;4_4&#8243; _builder_version=&#8220;4.27.4&#8243; _module_preset=&#8220;default&#8220; custom_padding=&#8220;||||false|false&#8220; custom_padding_tablet=&#8220;|31px||31px|false|false&#8220; custom_padding_phone=&#8220;|31px||31px|false|false&#8220; custom_padding_last_edited=&#8220;on|tablet&#8220; custom_css_free_form=&#8220;selector {||padding-left: calc((100% &#8211; 1400px) \/ 2)!important;||  padding-right: calc((100% &#8211; 1400px) \/ 2)!important;||  } ||||@media (max-width: 980px) {||  selector {||    width: 90% !important;   ||    padding-left: 5% !important; ||    padding-right: 5% !important; ||  }||}&#8220; global_colors_info=&#8220;{}&#8220;][et_pb_text _builder_version=&#8220;4.27.4&#8243; _module_preset=&#8220;default&#8220; background_layout=&#8220;dark&#8220; max_width=&#8220;400px&#8220; max_width_tablet=&#8220;100%&#8220; max_width_phone=&#8220;100%&#8220; max_width_last_edited=&#8220;on|tablet&#8220; module_alignment=&#8220;center&#8220; custom_margin=&#8220;||30px||false|false&#8220; global_colors_info=&#8220;{}&#8220;]<\/p>\n<h1>Kontakt aufnehmen<\/h1>\n<p>[\/et_pb_text][\/et_pb_column][\/et_pb_row][et_pb_row _builder_version=&#8220;4.27.4&#8243; _module_preset=&#8220;default&#8220; custom_margin=&#8220;||73px||false|false&#8220; custom_margin_tablet=&#8220;||73px||false|false&#8220; custom_margin_phone=&#8220;||73px||false|false&#8220; custom_margin_last_edited=&#8220;on|phone&#8220; custom_padding=&#8220;0px||0px||true|false&#8220; custom_css_free_form=&#8220;@media screen and (max-width: 767px) {||.dsm_breadcrumbs li {||    margin-left: 0px!important;||    margin-right: 8px!important;||\t}||}&#8220; global_module=&#8220;1332&#8243; global_colors_info=&#8220;{}&#8220;][et_pb_column type=&#8220;4_4&#8243; _builder_version=&#8220;4.27.4&#8243; _module_preset=&#8220;default&#8220; global_colors_info=&#8220;{}&#8220;][dsm_breadcrumbs home_icon=&#8220;&#xe009;||divi||400&#8243; separator_icon=&#8220;&#x35;||divi||400&#8243; items_bottom=&#8220;8px&#8220; current_bottom=&#8220;7px&#8220; _builder_version=&#8220;4.27.4&#8243; _module_preset=&#8220;default&#8220; items_font=&#8220;AlbertSans-Regular||||||||&#8220; items_font_size=&#8220;14px&#8220; current_font=&#8220;&#8211;et_global_body_font||||||||&#8220; current_font_size=&#8220;14px&#8220; height=&#8220;0px&#8220; custom_css_free_form=&#8220;.dsm_breadcrumbs li {||    margin-left: 0px; ||  margin-right: 15px;||} ||||.dsm_home_text_wrapper .dsm_home_text {||  display: none!important; ||}||||&#8220; global_colors_info=&#8220;{}&#8220;][\/dsm_breadcrumbs][\/et_pb_column][\/et_pb_row][et_pb_row column_structure=&#8220;2_5,3_5&#8243; _builder_version=&#8220;4.27.4&#8243; _module_preset=&#8220;default&#8220; global_colors_info=&#8220;{}&#8220;][et_pb_column type=&#8220;2_5&#8243; _builder_version=&#8220;4.27.4&#8243; _module_preset=&#8220;default&#8220; global_colors_info=&#8220;{}&#8220;][et_pb_text _builder_version=&#8220;4.27.4&#8243; _module_preset=&#8220;default&#8220; max_width=&#8220;705px&#8220; max_width_tablet=&#8220;400px&#8220; max_width_phone=&#8220;400px&#8220; max_width_last_edited=&#8220;on|tablet&#8220; custom_margin=&#8220;||46px||false|false&#8220; hover_enabled=&#8220;0&#8243; global_colors_info=&#8220;{}&#8220; sticky_enabled=&#8220;0&#8243;]<\/p>\n<p>Egal, ob Sie eine ma\u00dfgeschneiderte L\u00f6sung f\u00fcr Ihr Schulungsprogramm suchen oder mehr \u00fcber unsere Lagerrahmen, Spritzlackierst\u00e4nde, Karosserieteile oder Pr\u00fcfplatten erfahren m\u00f6chten: Wir stehen Ihnen beratend zur Seite.<br data-start=\"357\" data-end=\"360\">Wir nehmen uns Zeit f\u00fcr eine klare Erkl\u00e4rung, passende Angebote und ehrliche Beratung, genau wie Sie es von einem engagierten Spezialisten erwarten d\u00fcrfen.<\/p>\n<p><strong>Pers\u00f6nliche Kommunikation ist uns wichtig.<\/strong> Deshalb helfen wir Ihnen gerne auf Niederl\u00e4ndisch, Englisch oder Deutsch, einfach in der Sprache, die Ihnen am liebsten ist.<\/p>\n<p>[\/et_pb_text][et_pb_blurb image=&#8220;https:\/\/carpartsinmotion.com\/wp-content\/uploads\/2025\/09\/mail-icon.png&#8220; icon_placement=&#8220;left&#8220; image_icon_width=&#8220;20px&#8220; content_max_width=&#8220;100%&#8220; _builder_version=&#8220;4.27.4&#8243; _module_preset=&#8220;default&#8220; header_text_color=&#8220;#450060&#8243; body_font=&#8220;&#8211;et_global_body_font||||||||&#8220; body_text_color=&#8220;#450060&#8243; body_line_height=&#8220;0.8em&#8220; custom_margin=&#8220;||15px||false|false&#8220; locked=&#8220;off&#8220; global_colors_info=&#8220;{}&#8220;]<\/p>\n<p><a href=\"mailto:info@carpartsinmotion.com\">info@carpartsinmotion.com<\/a><\/p>\n<p>[\/et_pb_blurb][et_pb_blurb image=&#8220;https:\/\/carpartsinmotion.com\/wp-content\/uploads\/2025\/09\/phone-icon.png&#8220; icon_placement=&#8220;left&#8220; image_icon_width=&#8220;20px&#8220; content_max_width=&#8220;100%&#8220; _builder_version=&#8220;4.27.4&#8243; _module_preset=&#8220;default&#8220; header_text_color=&#8220;#450060&#8243; body_font=&#8220;&#8211;et_global_body_font||||||||&#8220; body_text_color=&#8220;#450060&#8243; body_line_height=&#8220;0.8em&#8220; custom_margin=&#8220;||12px||false|false&#8220; custom_css_free_form=&#8220;.et_pb_blurb .et_pb_image_wrap {||    display: block!important;||    margin: initial!important;||} &#8220; locked=&#8220;off&#8220; global_colors_info=&#8220;{}&#8220;]<\/p>\n<p><a href=\"tel:0031629056474\">+31 6 29 05 64 74  <\/a><\/p>\n<p>[\/et_pb_blurb][\/et_pb_column][et_pb_column type=&#8220;3_5&#8243; _builder_version=&#8220;4.27.4&#8243; _module_preset=&#8220;default&#8220; global_colors_info=&#8220;{}&#8220;][et_pb_code _builder_version=&#8220;4.27.4&#8243; _module_preset=&#8220;default&#8220; global_colors_info=&#8220;{}&#8220;]<div class=\"frm_forms  with_frm_style frm_style_car-parts-in-motion\" id=\"frm_form_2_container\" data-token=\"f0d59022ce4d675e2e4d503df4b63728\">\n<form enctype=\"multipart\/form-data\" method=\"post\" class=\"frm-show-form  frm_ajax_submit  frm_pro_form \" id=\"form_contactformulier\" data-token=\"f0d59022ce4d675e2e4d503df4b63728\">\n<div class=\"frm_form_fields \">\n<fieldset>\n<legend class=\"frm_screen_reader\">Kontaktformular<\/legend>\r\n<h3 class=\"frm_form_title\">Kontaktformular<\/h3>\r\n<div class=\"frm_fields_container\">\n<input type=\"hidden\" name=\"frm_action\" value=\"create\" \/>\n<input type=\"hidden\" name=\"form_id\" value=\"2\" \/>\n<input type=\"hidden\" name=\"frm_hide_fields_2\" id=\"frm_hide_fields_2\" value=\"\" \/>\n<input type=\"hidden\" name=\"form_key\" value=\"contactformulier\" \/>\n<input type=\"hidden\" name=\"item_meta[0]\" value=\"\" \/>\n<input type=\"hidden\" id=\"frm_submit_entry_2\" name=\"frm_submit_entry_2\" value=\"6169beff6a\" \/><input type=\"hidden\" name=\"_wp_http_referer\" value=\"\/de\/wp-json\/wp\/v2\/pages\/2547\" \/>\t\t<input  type=\"hidden\" name=\"item_meta[15]\" id=\"field_68u4s\" value=\"de\"  data-frmval=\"de\"   \/>\n\t\t<div id=\"frm_field_7_container\" class=\"frm_form_field form-field  frm_required_field frm_top_container frm6 frm_first\">\r\n\t<label for=\"field_62is5\" id=\"field_62is5_label\" class=\"frm_primary_label\">Name\r\n\t\t<span class=\"frm_required\" aria-hidden=\"true\">*<\/span>\r\n\t<\/label>\r\n\t<input  type=\"text\" id=\"field_62is5\" name=\"item_meta[7]\" value=\"\"  placeholder=\"Wie ist Ihr Name?\" data-reqmsg=\"{field_name} darf nicht leer sein.\" aria-required=\"true\" data-invmsg=\"{field_name} ist ung\u00fcltig\" aria-invalid=\"false\"   \/>\r\n\t\r\n\t\r\n<\/div>\n<div id=\"frm_field_8_container\" class=\"frm_form_field form-field  frm_required_field frm_top_container frm6\">\r\n\t<label for=\"field_u4ef5\" id=\"field_u4ef5_label\" class=\"frm_primary_label\">Firmenname\r\n\t\t<span class=\"frm_required\" aria-hidden=\"true\">*<\/span>\r\n\t<\/label>\r\n\t<input  type=\"text\" id=\"field_u4ef5\" name=\"item_meta[8]\" value=\"\"  placeholder=\"Wie lautet Ihr Firmenname?\" data-reqmsg=\"{field_name} darf nicht leer sein.\" aria-required=\"true\" data-invmsg=\"{field_name} ist ung\u00fcltig\" aria-invalid=\"false\"   \/>\r\n\t\r\n\t\r\n<\/div>\n<div id=\"frm_field_9_container\" class=\"frm_form_field form-field  frm_required_field frm_top_container frm6 frm_first\">\r\n\t<label for=\"field_6qe28\" id=\"field_6qe28_label\" class=\"frm_primary_label\">E-Mail-Adresse\r\n\t\t<span class=\"frm_required\" aria-hidden=\"true\">*<\/span>\r\n\t<\/label>\r\n\t<input  type=\"text\" id=\"field_6qe28\" name=\"item_meta[9]\" value=\"\"  placeholder=\"Wie lautet Ihre E-Mail-Adresse?\" data-reqmsg=\"{field_name} darf nicht leer sein.\" aria-required=\"true\" data-invmsg=\"{field_name} ist ung\u00fcltig\" aria-invalid=\"false\"   \/>\r\n\t\r\n\t\r\n<\/div>\n<div id=\"frm_field_12_container\" class=\"frm_form_field form-field  frm_required_field frm_top_container frm6\">\r\n\t<label for=\"field_3bgwv\" id=\"field_3bgwv_label\" class=\"frm_primary_label\">Telefonnummer\r\n\t\t<span class=\"frm_required\" aria-hidden=\"true\">*<\/span>\r\n\t<\/label>\r\n\t<input type=\"tel\" id=\"field_3bgwv\" name=\"item_meta[12]\" value=\"\"  placeholder=\"Telefonnummer\" data-reqmsg=\"{field_name} darf nicht leer sein.\" aria-required=\"true\" data-invmsg=\"{field_name} ist ung\u00fcltig\" aria-invalid=\"false\" pattern=\"((\\+\\d{1,3}(-|.| )?\\(?\\d\\)?(-| |.)?\\d{1,5})|(\\(?\\d{2,6}\\)?))(-|.| )?(\\d{3,4})(-|.| )?(\\d{4})(( x| ext)\\d{1,5}){0,1}$\"  \/>\r\n\t\r\n\t\r\n<\/div>\n<div id=\"frm_field_11_container\" class=\"frm_form_field form-field  frm_required_field frm_top_container\">\r\n\t<label for=\"field_ym0wy\" id=\"field_ym0wy_label\" class=\"frm_primary_label\">Nachricht\r\n\t\t<span class=\"frm_required\" aria-hidden=\"true\">*<\/span>\r\n\t<\/label>\r\n\t<textarea name=\"item_meta[11]\" id=\"field_ym0wy\" rows=\"5\"  placeholder=\"Geben Sie hier Ihre Nachricht ein\u2026\" data-reqmsg=\"{field_name} darf nicht leer sein.\" aria-required=\"true\" data-invmsg=\"{field_name} ist ung\u00fcltig\" aria-invalid=\"false\"  ><\/textarea>\r\n\t\r\n\t\r\n<\/div>\n<div id=\"frm_field_13_container\" class=\"frm_form_field form-field  frm_none_container\">\r\n\t<label for=\"g-recaptcha-response\" id=\"field_5azco_label\" class=\"frm_primary_label\">Captcha \r\n\t\t<span class=\"frm_required\" aria-hidden=\"true\"><\/span>\r\n\t<\/label>\r\n\t<div  id=\"field_5azco\" class=\"frm-g-recaptcha\" data-sitekey=\"6LfF8LErAAAAAA7JNP5JEJj2Jnv8VozQumy2eZLz\" data-size=\"invisible\" data-theme=\"light\"><\/div>\r\n\t\r\n\t\r\n<\/div>\n<div id=\"frm_field_14_container\" class=\"frm_form_field  recaptcha-tekst frm_html_container form-field\">Diese Website wird durch reCAPTCHA gesch\u00fctzt und es gelten die <a href=\"https:\/\/policies.google.com\/privacy\" target=\"_blank\" rel=\"noopener noreferrer\">Datenschutzbestimmungen<\/a> und <a href=\"https:\/\/policies.google.com\/terms\" target=\"_blank\" rel=\"noopener noreferrer\">Nutzungsbedingungen<\/a> von Google.<\/div>\n<div id=\"frm_field_6_container\" class=\"frm_form_field form-field \">\r\n\t<div class=\"frm_submit frm_flex\">\r\n<button class=\"frm_button_submit frm_final_submit\" type=\"submit\"  >Absenden<\/button>\r\n\r\n\r\n\r\n<\/div>\r\n<\/div>\n\t<input type=\"hidden\" name=\"item_key\" value=\"\" \/>\n\t<input name=\"frm_state\" type=\"hidden\" value=\"VM5x57LIdMU75mOmk4q2oWDWWX8c2lLZoBa5At8sN3M=\" \/><\/div>\n<\/fieldset>\n<\/div>\n\n<\/form>\n<\/div>\n[\/et_pb_code][\/et_pb_column][\/et_pb_row][\/et_pb_section]<\/p>\n","protected":false},"excerpt":{"rendered":"<p>Kontakt aufnehmen<div class=\"et_pb_module dsm_breadcrumbs dsm_breadcrumbs_0\">\n\t\t\t\t\n\t\t\t\t\n\t\t\t\t\n\t\t\t\t\n\t\t\t\t\n\t\t\t\t\n\t\t\t\t<div class=\"et_pb_module_inner\">\n\t\t\t\t\t<nav class=\"dsm_breadcrumbs_wrap\">\n\t\t\t\t<ul class=\"dsm_breadcrumbs\" itemscope itemtype=\"https:\/\/schema.org\/BreadcrumbList\">\t\t\t<li class=\"dsm_breadcrumbs_item dsm_home_item dsm_home_item_custom\" itemprop=\"itemListElement\" itemscope\n\t\t\titemtype=\"https:\/\/schema.org\/ListItem\">\n\t\t\t\t<a href=\"https:\/\/carpartsinmotion.com\/de\/\" itemprop=\"item\" target=\"\">\n\t\t\t\t\t<span class='dsm_home_text_wrapper'>\n\t\t\t\t\t\t\t\t\t\t\t\t\t<span class=\"et-pb-icon dsm_home_icon\">&#xe009;<\/span>\n\t\t\t\t\t\t\t\t\t\t\t\t\t<span class=\"dsm_home_text\" itemprop=\"name\">\n\t\t\t\t\t\t\t\tHome\t\t\t\t\t\t\t<\/span>\n\t\t\t\t\t<\/span>\n\t\t\t\t<\/a>\n\t\t\t\t<meta itemprop=\"position\" content=\"1\" \/>\n\t\t\t<\/li>\n\n\t\t<li class=\"dsm_breadcrumbs_separator\"> <span class=\"et-pb-icon dsm_separator_icon\">&#x35;<\/span><\/li><\/ul>\n\t\t\t<\/nav>\n\t\t\t\t<\/div>\n\t\t\t<\/div>Egal, ob Sie eine ma\u00dfgeschneiderte L\u00f6sung f\u00fcr Ihr Schulungsprogramm suchen oder mehr \u00fcber unsere Lagerrahmen, Spritzlackierst\u00e4nde, Karosserieteile oder Pr\u00fcfplatten erfahren m\u00f6chten: Wir stehen Ihnen beratend zur Seite.Wir nehmen [&hellip;]<\/p>\n","protected":false},"author":1,"featured_media":0,"parent":0,"menu_order":0,"comment_status":"closed","ping_status":"closed","template":"","meta":{"_et_pb_use_builder":"on","_et_pb_old_content":"","_et_gb_content_width":"","footnotes":""},"class_list":["post-2547","page","type-page","status-publish","hentry"],"yoast_head":"<!-- This site is optimized with the Yoast SEO plugin v27.3 - https:\/\/yoast.com\/product\/yoast-seo-wordpress\/ -->\n<title>Kontaktieren Sie Car Parts in Motion<\/title>\n<meta name=\"description\" content=\"Egal, ob Sie eine ma\u00dfgeschneiderte L\u00f6sung f\u00fcr Ihr Schulungsprogramm suchen oder mehr \u00fcber unsere Produkte erfahren m\u00f6chten: Wir stehen Ihnen beratend zur Seite.\" \/>\n<meta name=\"robots\" content=\"index, follow, max-snippet:-1, max-image-preview:large, max-video-preview:-1\" \/>\n<link rel=\"canonical\" href=\"https:\/\/carpartsinmotion.com\/de\/kontakt\/\" \/>\n<meta property=\"og:locale\" content=\"de_DE\" \/>\n<meta property=\"og:type\" content=\"article\" \/>\n<meta property=\"og:title\" content=\"Kontaktieren Sie Car Parts in Motion\" \/>\n<meta property=\"og:description\" content=\"Egal, ob Sie eine ma\u00dfgeschneiderte L\u00f6sung f\u00fcr Ihr Schulungsprogramm suchen oder mehr \u00fcber unsere Produkte erfahren m\u00f6chten: Wir stehen Ihnen beratend zur Seite.\" \/>\n<meta property=\"og:url\" content=\"https:\/\/carpartsinmotion.com\/de\/kontakt\/\" \/>\n<meta property=\"og:site_name\" content=\"Car Parts in Motion\" \/>\n<meta property=\"article:modified_time\" content=\"2025-12-10T20:09:50+00:00\" \/>\n<meta property=\"og:image\" content=\"https:\/\/carpartsinmotion.com\/wp-content\/uploads\/2025\/12\/OpenGraph-Car-Parts-in-Motion.png\" \/>\n\t<meta property=\"og:image:width\" content=\"1200\" \/>\n\t<meta property=\"og:image:height\" content=\"675\" \/>\n\t<meta property=\"og:image:type\" content=\"image\/png\" \/>\n<meta name=\"twitter:card\" content=\"summary_large_image\" \/>\n<meta name=\"twitter:label1\" content=\"Gesch\u00e4tzte Lesezeit\" \/>\n\t<meta name=\"twitter:data1\" content=\"4\u00a0Minuten\" \/>\n<script type=\"application\/ld+json\" class=\"yoast-schema-graph\">{\"@context\":\"https:\\\/\\\/schema.org\",\"@graph\":[{\"@type\":\"WebPage\",\"@id\":\"https:\\\/\\\/carpartsinmotion.com\\\/de\\\/kontakt\\\/\",\"url\":\"https:\\\/\\\/carpartsinmotion.com\\\/de\\\/kontakt\\\/\",\"name\":\"Kontaktieren Sie Car Parts in Motion\",\"isPartOf\":{\"@id\":\"https:\\\/\\\/carpartsinmotion.com\\\/de\\\/#website\"},\"datePublished\":\"2025-09-10T13:22:43+00:00\",\"dateModified\":\"2025-12-10T20:09:50+00:00\",\"description\":\"Egal, ob Sie eine ma\u00dfgeschneiderte L\u00f6sung f\u00fcr Ihr Schulungsprogramm suchen oder mehr \u00fcber unsere Produkte erfahren m\u00f6chten: Wir stehen Ihnen beratend zur Seite.\",\"breadcrumb\":{\"@id\":\"https:\\\/\\\/carpartsinmotion.com\\\/de\\\/kontakt\\\/#breadcrumb\"},\"inLanguage\":\"de\",\"potentialAction\":[{\"@type\":\"ReadAction\",\"target\":[\"https:\\\/\\\/carpartsinmotion.com\\\/de\\\/kontakt\\\/\"]}]},{\"@type\":\"BreadcrumbList\",\"@id\":\"https:\\\/\\\/carpartsinmotion.com\\\/de\\\/kontakt\\\/#breadcrumb\",\"itemListElement\":[{\"@type\":\"ListItem\",\"position\":1,\"name\":\"Home\",\"item\":\"https:\\\/\\\/carpartsinmotion.com\\\/de\\\/\"},{\"@type\":\"ListItem\",\"position\":2,\"name\":\"Kontakt\"}]},{\"@type\":\"WebSite\",\"@id\":\"https:\\\/\\\/carpartsinmotion.com\\\/de\\\/#website\",\"url\":\"https:\\\/\\\/carpartsinmotion.com\\\/de\\\/\",\"name\":\"Car Parts in Motion\",\"description\":\"Gespecialiseerd leverancier van plaatwerk- en trainingsmaterialen voor de automotive sector.\",\"publisher\":{\"@id\":\"https:\\\/\\\/carpartsinmotion.com\\\/de\\\/#organization\"},\"potentialAction\":[{\"@type\":\"SearchAction\",\"target\":{\"@type\":\"EntryPoint\",\"urlTemplate\":\"https:\\\/\\\/carpartsinmotion.com\\\/de\\\/?s={search_term_string}\"},\"query-input\":{\"@type\":\"PropertyValueSpecification\",\"valueRequired\":true,\"valueName\":\"search_term_string\"}}],\"inLanguage\":\"de\"},{\"@type\":\"Organization\",\"@id\":\"https:\\\/\\\/carpartsinmotion.com\\\/de\\\/#organization\",\"name\":\"Car Parts in Motion\",\"url\":\"https:\\\/\\\/carpartsinmotion.com\\\/de\\\/\",\"logo\":{\"@type\":\"ImageObject\",\"inLanguage\":\"de\",\"@id\":\"https:\\\/\\\/carpartsinmotion.com\\\/de\\\/#\\\/schema\\\/logo\\\/image\\\/\",\"url\":\"https:\\\/\\\/carpartsinmotion.com\\\/wp-content\\\/uploads\\\/2025\\\/08\\\/CPIM-logo-web.png\",\"contentUrl\":\"https:\\\/\\\/carpartsinmotion.com\\\/wp-content\\\/uploads\\\/2025\\\/08\\\/CPIM-logo-web.png\",\"width\":161,\"height\":59,\"caption\":\"Car Parts in Motion\"},\"image\":{\"@id\":\"https:\\\/\\\/carpartsinmotion.com\\\/de\\\/#\\\/schema\\\/logo\\\/image\\\/\"}}]}<\/script>\n<!-- \/ Yoast SEO plugin. -->","yoast_head_json":{"title":"Kontaktieren Sie Car Parts in Motion","description":"Egal, ob Sie eine ma\u00dfgeschneiderte L\u00f6sung f\u00fcr Ihr Schulungsprogramm suchen oder mehr \u00fcber unsere Produkte erfahren m\u00f6chten: Wir stehen Ihnen beratend zur Seite.","robots":{"index":"index","follow":"follow","max-snippet":"max-snippet:-1","max-image-preview":"max-image-preview:large","max-video-preview":"max-video-preview:-1"},"canonical":"https:\/\/carpartsinmotion.com\/de\/kontakt\/","og_locale":"de_DE","og_type":"article","og_title":"Kontaktieren Sie Car Parts in Motion","og_description":"Egal, ob Sie eine ma\u00dfgeschneiderte L\u00f6sung f\u00fcr Ihr Schulungsprogramm suchen oder mehr \u00fcber unsere Produkte erfahren m\u00f6chten: Wir stehen Ihnen beratend zur Seite.","og_url":"https:\/\/carpartsinmotion.com\/de\/kontakt\/","og_site_name":"Car Parts in Motion","article_modified_time":"2025-12-10T20:09:50+00:00","og_image":[{"width":1200,"height":675,"url":"https:\/\/carpartsinmotion.com\/wp-content\/uploads\/2025\/12\/OpenGraph-Car-Parts-in-Motion.png","type":"image\/png"}],"twitter_card":"summary_large_image","twitter_misc":{"Gesch\u00e4tzte Lesezeit":"4\u00a0Minuten"},"schema":{"@context":"https:\/\/schema.org","@graph":[{"@type":"WebPage","@id":"https:\/\/carpartsinmotion.com\/de\/kontakt\/","url":"https:\/\/carpartsinmotion.com\/de\/kontakt\/","name":"Kontaktieren Sie Car Parts in Motion","isPartOf":{"@id":"https:\/\/carpartsinmotion.com\/de\/#website"},"datePublished":"2025-09-10T13:22:43+00:00","dateModified":"2025-12-10T20:09:50+00:00","description":"Egal, ob Sie eine ma\u00dfgeschneiderte L\u00f6sung f\u00fcr Ihr Schulungsprogramm suchen oder mehr \u00fcber unsere Produkte erfahren m\u00f6chten: Wir stehen Ihnen beratend zur Seite.","breadcrumb":{"@id":"https:\/\/carpartsinmotion.com\/de\/kontakt\/#breadcrumb"},"inLanguage":"de","potentialAction":[{"@type":"ReadAction","target":["https:\/\/carpartsinmotion.com\/de\/kontakt\/"]}]},{"@type":"BreadcrumbList","@id":"https:\/\/carpartsinmotion.com\/de\/kontakt\/#breadcrumb","itemListElement":[{"@type":"ListItem","position":1,"name":"Home","item":"https:\/\/carpartsinmotion.com\/de\/"},{"@type":"ListItem","position":2,"name":"Kontakt"}]},{"@type":"WebSite","@id":"https:\/\/carpartsinmotion.com\/de\/#website","url":"https:\/\/carpartsinmotion.com\/de\/","name":"Car Parts in Motion","description":"Gespecialiseerd leverancier van plaatwerk- en trainingsmaterialen voor de automotive sector.","publisher":{"@id":"https:\/\/carpartsinmotion.com\/de\/#organization"},"potentialAction":[{"@type":"SearchAction","target":{"@type":"EntryPoint","urlTemplate":"https:\/\/carpartsinmotion.com\/de\/?s={search_term_string}"},"query-input":{"@type":"PropertyValueSpecification","valueRequired":true,"valueName":"search_term_string"}}],"inLanguage":"de"},{"@type":"Organization","@id":"https:\/\/carpartsinmotion.com\/de\/#organization","name":"Car Parts in Motion","url":"https:\/\/carpartsinmotion.com\/de\/","logo":{"@type":"ImageObject","inLanguage":"de","@id":"https:\/\/carpartsinmotion.com\/de\/#\/schema\/logo\/image\/","url":"https:\/\/carpartsinmotion.com\/wp-content\/uploads\/2025\/08\/CPIM-logo-web.png","contentUrl":"https:\/\/carpartsinmotion.com\/wp-content\/uploads\/2025\/08\/CPIM-logo-web.png","width":161,"height":59,"caption":"Car Parts in Motion"},"image":{"@id":"https:\/\/carpartsinmotion.com\/de\/#\/schema\/logo\/image\/"}}]}},"_links":{"self":[{"href":"https:\/\/carpartsinmotion.com\/de\/wp-json\/wp\/v2\/pages\/2547","targetHints":{"allow":["GET"]}}],"collection":[{"href":"https:\/\/carpartsinmotion.com\/de\/wp-json\/wp\/v2\/pages"}],"about":[{"href":"https:\/\/carpartsinmotion.com\/de\/wp-json\/wp\/v2\/types\/page"}],"author":[{"embeddable":true,"href":"https:\/\/carpartsinmotion.com\/de\/wp-json\/wp\/v2\/users\/1"}],"replies":[{"embeddable":true,"href":"https:\/\/carpartsinmotion.com\/de\/wp-json\/wp\/v2\/comments?post=2547"}],"version-history":[{"count":4,"href":"https:\/\/carpartsinmotion.com\/de\/wp-json\/wp\/v2\/pages\/2547\/revisions"}],"predecessor-version":[{"id":2553,"href":"https:\/\/carpartsinmotion.com\/de\/wp-json\/wp\/v2\/pages\/2547\/revisions\/2553"}],"wp:attachment":[{"href":"https:\/\/carpartsinmotion.com\/de\/wp-json\/wp\/v2\/media?parent=2547"}],"curies":[{"name":"wp","href":"https:\/\/api.w.org\/{rel}","templated":true}]}}