{"id":2361,"date":"2023-12-20T16:06:13","date_gmt":"2023-12-20T15:06:13","guid":{"rendered":"https:\/\/carpartsinmotion.com\/product\/lagergestell-fuer-motorhauben\/"},"modified":"2026-03-27T10:12:00","modified_gmt":"2026-03-27T09:12:00","slug":"lagergestell-fuer-motorhauben","status":"publish","type":"product","link":"https:\/\/carpartsinmotion.com\/de\/produkt\/lagergestell-fuer-motorhauben\/","title":{"rendered":"Lagerregal auf R\u00e4dern f\u00fcr Motorhauben"},"content":{"rendered":"<p>Lagerregal mit R\u00e4dern, geeignet f\u00fcr 12 Motorhauben, graue Beschichtung<\/p>\n<p>150 cm Lang x 110 cm Breit x 80 cm Hoch<\/p>\n","protected":false},"excerpt":{"rendered":"<p>Lagerregal mit R\u00e4dern, geeignet f\u00fcr 12 Motorhauben, graue Beschichtung 150 cm Lang x 110 cm Breit x 80 cm Hoch<\/p>\n","protected":false},"featured_media":2368,"template":"","meta":{"_et_pb_use_builder":"","_et_pb_old_content":"","_et_gb_content_width":""},"product_brand":[],"product_cat":[76],"product_tag":[],"class_list":{"0":"post-2361","1":"product","2":"type-product","3":"status-publish","4":"has-post-thumbnail","6":"product_cat-stander-lagergestelle","8":"first","9":"instock","10":"shipping-taxable","11":"product-type-simple"},"yoast_head":"<!-- This site is optimized with the Yoast SEO plugin v27.3 - https:\/\/yoast.com\/product\/yoast-seo-wordpress\/ -->\n<title>Lagerregal auf R\u00e4dern f\u00fcr Motorhauben | Car Parts in Motion<\/title>\n<meta name=\"robots\" content=\"index, follow, max-snippet:-1, max-image-preview:large, max-video-preview:-1\" \/>\n<link rel=\"canonical\" href=\"https:\/\/carpartsinmotion.com\/de\/produkt\/lagergestell-fuer-motorhauben\/\" \/>\n<meta property=\"og:locale\" content=\"de_DE\" \/>\n<meta property=\"og:type\" content=\"article\" \/>\n<meta property=\"og:title\" content=\"Lagerregal auf R\u00e4dern f\u00fcr Motorhauben | Car Parts in Motion\" \/>\n<meta property=\"og:description\" content=\"Lagerregal mit R\u00e4dern, geeignet f\u00fcr 12 Motorhauben, graue Beschichtung 150 cm Lang x 110 cm Breit x 80 cm Hoch\" \/>\n<meta property=\"og:url\" content=\"https:\/\/carpartsinmotion.com\/de\/produkt\/lagergestell-fuer-motorhauben\/\" \/>\n<meta property=\"og:site_name\" content=\"Car Parts in Motion\" \/>\n<meta property=\"article:modified_time\" content=\"2026-03-27T09:12:00+00:00\" \/>\n<meta property=\"og:image\" content=\"https:\/\/carpartsinmotion.com\/wp-content\/uploads\/2025\/09\/Standaards-opslagframes.png\" \/>\n\t<meta property=\"og:image:width\" content=\"642\" \/>\n\t<meta property=\"og:image:height\" content=\"602\" \/>\n\t<meta property=\"og:image:type\" content=\"image\/png\" \/>\n<meta name=\"twitter:card\" content=\"summary_large_image\" \/>\n<script type=\"application\/ld+json\" class=\"yoast-schema-graph\">{\"@context\":\"https:\\\/\\\/schema.org\",\"@graph\":[{\"@type\":\"WebPage\",\"@id\":\"https:\\\/\\\/carpartsinmotion.com\\\/de\\\/produkt\\\/lagergestell-fuer-motorhauben\\\/\",\"url\":\"https:\\\/\\\/carpartsinmotion.com\\\/de\\\/produkt\\\/lagergestell-fuer-motorhauben\\\/\",\"name\":\"Lagerregal auf R\u00e4dern f\u00fcr Motorhauben | Car Parts in Motion\",\"isPartOf\":{\"@id\":\"https:\\\/\\\/carpartsinmotion.com\\\/de\\\/#website\"},\"primaryImageOfPage\":{\"@id\":\"https:\\\/\\\/carpartsinmotion.com\\\/de\\\/produkt\\\/lagergestell-fuer-motorhauben\\\/#primaryimage\"},\"image\":{\"@id\":\"https:\\\/\\\/carpartsinmotion.com\\\/de\\\/produkt\\\/lagergestell-fuer-motorhauben\\\/#primaryimage\"},\"thumbnailUrl\":\"https:\\\/\\\/carpartsinmotion.com\\\/wp-content\\\/uploads\\\/2025\\\/09\\\/Standaards-opslagframes.png\",\"datePublished\":\"2023-12-20T15:06:13+00:00\",\"dateModified\":\"2026-03-27T09:12:00+00:00\",\"breadcrumb\":{\"@id\":\"https:\\\/\\\/carpartsinmotion.com\\\/de\\\/produkt\\\/lagergestell-fuer-motorhauben\\\/#breadcrumb\"},\"inLanguage\":\"de\",\"potentialAction\":[{\"@type\":\"ReadAction\",\"target\":[\"https:\\\/\\\/carpartsinmotion.com\\\/de\\\/produkt\\\/lagergestell-fuer-motorhauben\\\/\"]}]},{\"@type\":\"ImageObject\",\"inLanguage\":\"de\",\"@id\":\"https:\\\/\\\/carpartsinmotion.com\\\/de\\\/produkt\\\/lagergestell-fuer-motorhauben\\\/#primaryimage\",\"url\":\"https:\\\/\\\/carpartsinmotion.com\\\/wp-content\\\/uploads\\\/2025\\\/09\\\/Standaards-opslagframes.png\",\"contentUrl\":\"https:\\\/\\\/carpartsinmotion.com\\\/wp-content\\\/uploads\\\/2025\\\/09\\\/Standaards-opslagframes.png\",\"width\":642,\"height\":602,\"caption\":\"St\u00e4nder und Lagergestelle\"},{\"@type\":\"BreadcrumbList\",\"@id\":\"https:\\\/\\\/carpartsinmotion.com\\\/de\\\/produkt\\\/lagergestell-fuer-motorhauben\\\/#breadcrumb\",\"itemListElement\":[{\"@type\":\"ListItem\",\"position\":1,\"name\":\"Home\",\"item\":\"https:\\\/\\\/carpartsinmotion.com\\\/de\\\/\"},{\"@type\":\"ListItem\",\"position\":2,\"name\":\"Produkte\",\"item\":\"https:\\\/\\\/carpartsinmotion.com\\\/de\\\/shop\\\/\"},{\"@type\":\"ListItem\",\"position\":3,\"name\":\"Lagerregal auf R\u00e4dern f\u00fcr Motorhauben\"}]},{\"@type\":\"WebSite\",\"@id\":\"https:\\\/\\\/carpartsinmotion.com\\\/de\\\/#website\",\"url\":\"https:\\\/\\\/carpartsinmotion.com\\\/de\\\/\",\"name\":\"Car Parts in Motion\",\"description\":\"Gespecialiseerd leverancier van plaatwerk- en trainingsmaterialen voor de automotive sector.\",\"publisher\":{\"@id\":\"https:\\\/\\\/carpartsinmotion.com\\\/de\\\/#organization\"},\"potentialAction\":[{\"@type\":\"SearchAction\",\"target\":{\"@type\":\"EntryPoint\",\"urlTemplate\":\"https:\\\/\\\/carpartsinmotion.com\\\/de\\\/?s={search_term_string}\"},\"query-input\":{\"@type\":\"PropertyValueSpecification\",\"valueRequired\":true,\"valueName\":\"search_term_string\"}}],\"inLanguage\":\"de\"},{\"@type\":\"Organization\",\"@id\":\"https:\\\/\\\/carpartsinmotion.com\\\/de\\\/#organization\",\"name\":\"Car Parts in Motion\",\"url\":\"https:\\\/\\\/carpartsinmotion.com\\\/de\\\/\",\"logo\":{\"@type\":\"ImageObject\",\"inLanguage\":\"de\",\"@id\":\"https:\\\/\\\/carpartsinmotion.com\\\/de\\\/#\\\/schema\\\/logo\\\/image\\\/\",\"url\":\"https:\\\/\\\/carpartsinmotion.com\\\/wp-content\\\/uploads\\\/2025\\\/08\\\/CPIM-logo-web.png\",\"contentUrl\":\"https:\\\/\\\/carpartsinmotion.com\\\/wp-content\\\/uploads\\\/2025\\\/08\\\/CPIM-logo-web.png\",\"width\":161,\"height\":59,\"caption\":\"Car Parts in Motion\"},\"image\":{\"@id\":\"https:\\\/\\\/carpartsinmotion.com\\\/de\\\/#\\\/schema\\\/logo\\\/image\\\/\"}}]}<\/script>\n<!-- \/ Yoast SEO plugin. -->","yoast_head_json":{"title":"Lagerregal auf R\u00e4dern f\u00fcr Motorhauben | Car Parts in Motion","robots":{"index":"index","follow":"follow","max-snippet":"max-snippet:-1","max-image-preview":"max-image-preview:large","max-video-preview":"max-video-preview:-1"},"canonical":"https:\/\/carpartsinmotion.com\/de\/produkt\/lagergestell-fuer-motorhauben\/","og_locale":"de_DE","og_type":"article","og_title":"Lagerregal auf R\u00e4dern f\u00fcr Motorhauben | Car Parts in Motion","og_description":"Lagerregal mit R\u00e4dern, geeignet f\u00fcr 12 Motorhauben, graue Beschichtung 150 cm Lang x 110 cm Breit x 80 cm Hoch","og_url":"https:\/\/carpartsinmotion.com\/de\/produkt\/lagergestell-fuer-motorhauben\/","og_site_name":"Car Parts in Motion","article_modified_time":"2026-03-27T09:12:00+00:00","og_image":[{"width":642,"height":602,"url":"https:\/\/carpartsinmotion.com\/wp-content\/uploads\/2025\/09\/Standaards-opslagframes.png","type":"image\/png"}],"twitter_card":"summary_large_image","schema":{"@context":"https:\/\/schema.org","@graph":[{"@type":"WebPage","@id":"https:\/\/carpartsinmotion.com\/de\/produkt\/lagergestell-fuer-motorhauben\/","url":"https:\/\/carpartsinmotion.com\/de\/produkt\/lagergestell-fuer-motorhauben\/","name":"Lagerregal auf R\u00e4dern f\u00fcr Motorhauben | Car Parts in Motion","isPartOf":{"@id":"https:\/\/carpartsinmotion.com\/de\/#website"},"primaryImageOfPage":{"@id":"https:\/\/carpartsinmotion.com\/de\/produkt\/lagergestell-fuer-motorhauben\/#primaryimage"},"image":{"@id":"https:\/\/carpartsinmotion.com\/de\/produkt\/lagergestell-fuer-motorhauben\/#primaryimage"},"thumbnailUrl":"https:\/\/carpartsinmotion.com\/wp-content\/uploads\/2025\/09\/Standaards-opslagframes.png","datePublished":"2023-12-20T15:06:13+00:00","dateModified":"2026-03-27T09:12:00+00:00","breadcrumb":{"@id":"https:\/\/carpartsinmotion.com\/de\/produkt\/lagergestell-fuer-motorhauben\/#breadcrumb"},"inLanguage":"de","potentialAction":[{"@type":"ReadAction","target":["https:\/\/carpartsinmotion.com\/de\/produkt\/lagergestell-fuer-motorhauben\/"]}]},{"@type":"ImageObject","inLanguage":"de","@id":"https:\/\/carpartsinmotion.com\/de\/produkt\/lagergestell-fuer-motorhauben\/#primaryimage","url":"https:\/\/carpartsinmotion.com\/wp-content\/uploads\/2025\/09\/Standaards-opslagframes.png","contentUrl":"https:\/\/carpartsinmotion.com\/wp-content\/uploads\/2025\/09\/Standaards-opslagframes.png","width":642,"height":602,"caption":"St\u00e4nder und Lagergestelle"},{"@type":"BreadcrumbList","@id":"https:\/\/carpartsinmotion.com\/de\/produkt\/lagergestell-fuer-motorhauben\/#breadcrumb","itemListElement":[{"@type":"ListItem","position":1,"name":"Home","item":"https:\/\/carpartsinmotion.com\/de\/"},{"@type":"ListItem","position":2,"name":"Produkte","item":"https:\/\/carpartsinmotion.com\/de\/shop\/"},{"@type":"ListItem","position":3,"name":"Lagerregal auf R\u00e4dern f\u00fcr Motorhauben"}]},{"@type":"WebSite","@id":"https:\/\/carpartsinmotion.com\/de\/#website","url":"https:\/\/carpartsinmotion.com\/de\/","name":"Car Parts in Motion","description":"Gespecialiseerd leverancier van plaatwerk- en trainingsmaterialen voor de automotive sector.","publisher":{"@id":"https:\/\/carpartsinmotion.com\/de\/#organization"},"potentialAction":[{"@type":"SearchAction","target":{"@type":"EntryPoint","urlTemplate":"https:\/\/carpartsinmotion.com\/de\/?s={search_term_string}"},"query-input":{"@type":"PropertyValueSpecification","valueRequired":true,"valueName":"search_term_string"}}],"inLanguage":"de"},{"@type":"Organization","@id":"https:\/\/carpartsinmotion.com\/de\/#organization","name":"Car Parts in Motion","url":"https:\/\/carpartsinmotion.com\/de\/","logo":{"@type":"ImageObject","inLanguage":"de","@id":"https:\/\/carpartsinmotion.com\/de\/#\/schema\/logo\/image\/","url":"https:\/\/carpartsinmotion.com\/wp-content\/uploads\/2025\/08\/CPIM-logo-web.png","contentUrl":"https:\/\/carpartsinmotion.com\/wp-content\/uploads\/2025\/08\/CPIM-logo-web.png","width":161,"height":59,"caption":"Car Parts in Motion"},"image":{"@id":"https:\/\/carpartsinmotion.com\/de\/#\/schema\/logo\/image\/"}}]}},"_links":{"self":[{"href":"https:\/\/carpartsinmotion.com\/de\/wp-json\/wp\/v2\/product\/2361","targetHints":{"allow":["GET"]}}],"collection":[{"href":"https:\/\/carpartsinmotion.com\/de\/wp-json\/wp\/v2\/product"}],"about":[{"href":"https:\/\/carpartsinmotion.com\/de\/wp-json\/wp\/v2\/types\/product"}],"wp:featuredmedia":[{"embeddable":true,"href":"https:\/\/carpartsinmotion.com\/de\/wp-json\/wp\/v2\/media\/2368"}],"wp:attachment":[{"href":"https:\/\/carpartsinmotion.com\/de\/wp-json\/wp\/v2\/media?parent=2361"}],"wp:term":[{"taxonomy":"product_brand","embeddable":true,"href":"https:\/\/carpartsinmotion.com\/de\/wp-json\/wp\/v2\/product_brand?post=2361"},{"taxonomy":"product_cat","embeddable":true,"href":"https:\/\/carpartsinmotion.com\/de\/wp-json\/wp\/v2\/product_cat?post=2361"},{"taxonomy":"product_tag","embeddable":true,"href":"https:\/\/carpartsinmotion.com\/de\/wp-json\/wp\/v2\/product_tag?post=2361"}],"curies":[{"name":"wp","href":"https:\/\/api.w.org\/{rel}","templated":true}]}}