{"id":2372,"date":"2023-12-20T16:15:54","date_gmt":"2023-12-20T15:15:54","guid":{"rendered":"https:\/\/carpartsinmotion.com\/product\/gestellaufbau-motorhaube-kotfluegel-tuerblech-verlaengert\/"},"modified":"2026-03-24T16:27:35","modified_gmt":"2026-03-24T15:27:35","slug":"gestellaufbau-motorhaube-kotfluegel-tuerblech-verlaengert","status":"publish","type":"product","link":"https:\/\/carpartsinmotion.com\/de\/produkt\/gestellaufbau-motorhaube-kotfluegel-tuerblech-verlaengert\/","title":{"rendered":"Vorderbau wagen (Motorhaube, Kotfluegel, T\u00fcrbleche) VERL\u00c4NGERT"},"content":{"rendered":"<p>Vorderbau wagen f\u00fcr Motorhaube, Kotfl\u00fcgel, T\u00fcrverkleidungen vorne und T\u00fcrverkleidungen hinten!<br \/>\n<strong>320 cm lang x 170 cm breit<\/strong><\/p>\n<p><em>(*Vorderbau Wagen werden ohne Blechteile geliefert, diese sind separat anzufragen!)<\/em><\/p>\n<p>&nbsp;<\/p>\n","protected":false},"excerpt":{"rendered":"<p>Vorderbau wagen f\u00fcr Motorhaube, Kotfl\u00fcgel, T\u00fcrverkleidungen vorne und T\u00fcrverkleidungen hinten! 320 cm lang x 170 cm breit (*Vorderbau Wagen werden ohne Blechteile geliefert, diese sind separat anzufragen!) &nbsp;<\/p>\n","protected":false},"featured_media":2385,"template":"","meta":{"_et_pb_use_builder":"","_et_pb_old_content":"","_et_gb_content_width":""},"product_brand":[],"product_cat":[84],"product_tag":[],"class_list":{"0":"post-2372","1":"product","2":"type-product","3":"status-publish","4":"has-post-thumbnail","6":"product_cat-showframe-prasentationsaufbauten","8":"first","9":"instock","10":"shipping-taxable","11":"product-type-simple"},"yoast_head":"<!-- This site is optimized with the Yoast SEO plugin v27.3 - https:\/\/yoast.com\/product\/yoast-seo-wordpress\/ -->\n<title>Vorderbau wagen (Motorhaube, Kotfluegel, T\u00fcrbleche) VERL\u00c4NGERT | Car Parts in Motion<\/title>\n<meta name=\"robots\" content=\"index, follow, max-snippet:-1, max-image-preview:large, max-video-preview:-1\" \/>\n<link rel=\"canonical\" href=\"https:\/\/carpartsinmotion.com\/de\/produkt\/gestellaufbau-motorhaube-kotfluegel-tuerblech-verlaengert\/\" \/>\n<meta property=\"og:locale\" content=\"de_DE\" \/>\n<meta property=\"og:type\" content=\"article\" \/>\n<meta property=\"og:title\" content=\"Vorderbau wagen (Motorhaube, Kotfluegel, T\u00fcrbleche) VERL\u00c4NGERT | Car Parts in Motion\" \/>\n<meta property=\"og:description\" content=\"Vorderbau wagen f\u00fcr Motorhaube, Kotfl\u00fcgel, T\u00fcrverkleidungen vorne und T\u00fcrverkleidungen hinten! 320 cm lang x 170 cm breit (*Vorderbau Wagen werden ohne Blechteile geliefert, diese sind separat anzufragen!) &nbsp;\" \/>\n<meta property=\"og:url\" content=\"https:\/\/carpartsinmotion.com\/de\/produkt\/gestellaufbau-motorhaube-kotfluegel-tuerblech-verlaengert\/\" \/>\n<meta property=\"og:site_name\" content=\"Car Parts in Motion\" \/>\n<meta property=\"article:modified_time\" content=\"2026-03-24T15:27:35+00:00\" \/>\n<meta property=\"og:image\" content=\"https:\/\/carpartsinmotion.com\/wp-content\/uploads\/2023\/12\/Opstelling-frame-motorkap-voorscherm-deurplaat-VERLENGD.png\" \/>\n\t<meta property=\"og:image:width\" content=\"2560\" \/>\n\t<meta property=\"og:image:height\" content=\"1706\" \/>\n\t<meta property=\"og:image:type\" content=\"image\/png\" \/>\n<meta name=\"twitter:card\" content=\"summary_large_image\" \/>\n<script type=\"application\/ld+json\" class=\"yoast-schema-graph\">{\"@context\":\"https:\\\/\\\/schema.org\",\"@graph\":[{\"@type\":\"WebPage\",\"@id\":\"https:\\\/\\\/carpartsinmotion.com\\\/de\\\/produkt\\\/gestellaufbau-motorhaube-kotfluegel-tuerblech-verlaengert\\\/\",\"url\":\"https:\\\/\\\/carpartsinmotion.com\\\/de\\\/produkt\\\/gestellaufbau-motorhaube-kotfluegel-tuerblech-verlaengert\\\/\",\"name\":\"Vorderbau wagen (Motorhaube, Kotfluegel, T\u00fcrbleche) VERL\u00c4NGERT | Car Parts in Motion\",\"isPartOf\":{\"@id\":\"https:\\\/\\\/carpartsinmotion.com\\\/de\\\/#website\"},\"primaryImageOfPage\":{\"@id\":\"https:\\\/\\\/carpartsinmotion.com\\\/de\\\/produkt\\\/gestellaufbau-motorhaube-kotfluegel-tuerblech-verlaengert\\\/#primaryimage\"},\"image\":{\"@id\":\"https:\\\/\\\/carpartsinmotion.com\\\/de\\\/produkt\\\/gestellaufbau-motorhaube-kotfluegel-tuerblech-verlaengert\\\/#primaryimage\"},\"thumbnailUrl\":\"https:\\\/\\\/carpartsinmotion.com\\\/wp-content\\\/uploads\\\/2023\\\/12\\\/Opstelling-frame-motorkap-voorscherm-deurplaat-VERLENGD.png\",\"datePublished\":\"2023-12-20T15:15:54+00:00\",\"dateModified\":\"2026-03-24T15:27:35+00:00\",\"breadcrumb\":{\"@id\":\"https:\\\/\\\/carpartsinmotion.com\\\/de\\\/produkt\\\/gestellaufbau-motorhaube-kotfluegel-tuerblech-verlaengert\\\/#breadcrumb\"},\"inLanguage\":\"de\",\"potentialAction\":[{\"@type\":\"ReadAction\",\"target\":[\"https:\\\/\\\/carpartsinmotion.com\\\/de\\\/produkt\\\/gestellaufbau-motorhaube-kotfluegel-tuerblech-verlaengert\\\/\"]}]},{\"@type\":\"ImageObject\",\"inLanguage\":\"de\",\"@id\":\"https:\\\/\\\/carpartsinmotion.com\\\/de\\\/produkt\\\/gestellaufbau-motorhaube-kotfluegel-tuerblech-verlaengert\\\/#primaryimage\",\"url\":\"https:\\\/\\\/carpartsinmotion.com\\\/wp-content\\\/uploads\\\/2023\\\/12\\\/Opstelling-frame-motorkap-voorscherm-deurplaat-VERLENGD.png\",\"contentUrl\":\"https:\\\/\\\/carpartsinmotion.com\\\/wp-content\\\/uploads\\\/2023\\\/12\\\/Opstelling-frame-motorkap-voorscherm-deurplaat-VERLENGD.png\",\"width\":2560,\"height\":1706,\"caption\":\"Vorderbau wagen, Motorhaube, Kotfl\u00fcgel, T\u00fcrblech VERL\u00c4NGERT\"},{\"@type\":\"BreadcrumbList\",\"@id\":\"https:\\\/\\\/carpartsinmotion.com\\\/de\\\/produkt\\\/gestellaufbau-motorhaube-kotfluegel-tuerblech-verlaengert\\\/#breadcrumb\",\"itemListElement\":[{\"@type\":\"ListItem\",\"position\":1,\"name\":\"Home\",\"item\":\"https:\\\/\\\/carpartsinmotion.com\\\/de\\\/\"},{\"@type\":\"ListItem\",\"position\":2,\"name\":\"Produkte\",\"item\":\"https:\\\/\\\/carpartsinmotion.com\\\/de\\\/shop\\\/\"},{\"@type\":\"ListItem\",\"position\":3,\"name\":\"Vorderbau wagen (Motorhaube, Kotfluegel, T\u00fcrbleche) VERL\u00c4NGERT\"}]},{\"@type\":\"WebSite\",\"@id\":\"https:\\\/\\\/carpartsinmotion.com\\\/de\\\/#website\",\"url\":\"https:\\\/\\\/carpartsinmotion.com\\\/de\\\/\",\"name\":\"Car Parts in Motion\",\"description\":\"Gespecialiseerd leverancier van plaatwerk- en trainingsmaterialen voor de automotive sector.\",\"publisher\":{\"@id\":\"https:\\\/\\\/carpartsinmotion.com\\\/de\\\/#organization\"},\"potentialAction\":[{\"@type\":\"SearchAction\",\"target\":{\"@type\":\"EntryPoint\",\"urlTemplate\":\"https:\\\/\\\/carpartsinmotion.com\\\/de\\\/?s={search_term_string}\"},\"query-input\":{\"@type\":\"PropertyValueSpecification\",\"valueRequired\":true,\"valueName\":\"search_term_string\"}}],\"inLanguage\":\"de\"},{\"@type\":\"Organization\",\"@id\":\"https:\\\/\\\/carpartsinmotion.com\\\/de\\\/#organization\",\"name\":\"Car Parts in Motion\",\"url\":\"https:\\\/\\\/carpartsinmotion.com\\\/de\\\/\",\"logo\":{\"@type\":\"ImageObject\",\"inLanguage\":\"de\",\"@id\":\"https:\\\/\\\/carpartsinmotion.com\\\/de\\\/#\\\/schema\\\/logo\\\/image\\\/\",\"url\":\"https:\\\/\\\/carpartsinmotion.com\\\/wp-content\\\/uploads\\\/2025\\\/08\\\/CPIM-logo-web.png\",\"contentUrl\":\"https:\\\/\\\/carpartsinmotion.com\\\/wp-content\\\/uploads\\\/2025\\\/08\\\/CPIM-logo-web.png\",\"width\":161,\"height\":59,\"caption\":\"Car Parts in Motion\"},\"image\":{\"@id\":\"https:\\\/\\\/carpartsinmotion.com\\\/de\\\/#\\\/schema\\\/logo\\\/image\\\/\"}}]}<\/script>\n<!-- \/ Yoast SEO plugin. -->","yoast_head_json":{"title":"Vorderbau wagen (Motorhaube, Kotfluegel, T\u00fcrbleche) VERL\u00c4NGERT | Car Parts in Motion","robots":{"index":"index","follow":"follow","max-snippet":"max-snippet:-1","max-image-preview":"max-image-preview:large","max-video-preview":"max-video-preview:-1"},"canonical":"https:\/\/carpartsinmotion.com\/de\/produkt\/gestellaufbau-motorhaube-kotfluegel-tuerblech-verlaengert\/","og_locale":"de_DE","og_type":"article","og_title":"Vorderbau wagen (Motorhaube, Kotfluegel, T\u00fcrbleche) VERL\u00c4NGERT | Car Parts in Motion","og_description":"Vorderbau wagen f\u00fcr Motorhaube, Kotfl\u00fcgel, T\u00fcrverkleidungen vorne und T\u00fcrverkleidungen hinten! 320 cm lang x 170 cm breit (*Vorderbau Wagen werden ohne Blechteile geliefert, diese sind separat anzufragen!) &nbsp;","og_url":"https:\/\/carpartsinmotion.com\/de\/produkt\/gestellaufbau-motorhaube-kotfluegel-tuerblech-verlaengert\/","og_site_name":"Car Parts in Motion","article_modified_time":"2026-03-24T15:27:35+00:00","og_image":[{"width":2560,"height":1706,"url":"https:\/\/carpartsinmotion.com\/wp-content\/uploads\/2023\/12\/Opstelling-frame-motorkap-voorscherm-deurplaat-VERLENGD.png","type":"image\/png"}],"twitter_card":"summary_large_image","schema":{"@context":"https:\/\/schema.org","@graph":[{"@type":"WebPage","@id":"https:\/\/carpartsinmotion.com\/de\/produkt\/gestellaufbau-motorhaube-kotfluegel-tuerblech-verlaengert\/","url":"https:\/\/carpartsinmotion.com\/de\/produkt\/gestellaufbau-motorhaube-kotfluegel-tuerblech-verlaengert\/","name":"Vorderbau wagen (Motorhaube, Kotfluegel, T\u00fcrbleche) VERL\u00c4NGERT | Car Parts in Motion","isPartOf":{"@id":"https:\/\/carpartsinmotion.com\/de\/#website"},"primaryImageOfPage":{"@id":"https:\/\/carpartsinmotion.com\/de\/produkt\/gestellaufbau-motorhaube-kotfluegel-tuerblech-verlaengert\/#primaryimage"},"image":{"@id":"https:\/\/carpartsinmotion.com\/de\/produkt\/gestellaufbau-motorhaube-kotfluegel-tuerblech-verlaengert\/#primaryimage"},"thumbnailUrl":"https:\/\/carpartsinmotion.com\/wp-content\/uploads\/2023\/12\/Opstelling-frame-motorkap-voorscherm-deurplaat-VERLENGD.png","datePublished":"2023-12-20T15:15:54+00:00","dateModified":"2026-03-24T15:27:35+00:00","breadcrumb":{"@id":"https:\/\/carpartsinmotion.com\/de\/produkt\/gestellaufbau-motorhaube-kotfluegel-tuerblech-verlaengert\/#breadcrumb"},"inLanguage":"de","potentialAction":[{"@type":"ReadAction","target":["https:\/\/carpartsinmotion.com\/de\/produkt\/gestellaufbau-motorhaube-kotfluegel-tuerblech-verlaengert\/"]}]},{"@type":"ImageObject","inLanguage":"de","@id":"https:\/\/carpartsinmotion.com\/de\/produkt\/gestellaufbau-motorhaube-kotfluegel-tuerblech-verlaengert\/#primaryimage","url":"https:\/\/carpartsinmotion.com\/wp-content\/uploads\/2023\/12\/Opstelling-frame-motorkap-voorscherm-deurplaat-VERLENGD.png","contentUrl":"https:\/\/carpartsinmotion.com\/wp-content\/uploads\/2023\/12\/Opstelling-frame-motorkap-voorscherm-deurplaat-VERLENGD.png","width":2560,"height":1706,"caption":"Vorderbau wagen, Motorhaube, Kotfl\u00fcgel, T\u00fcrblech VERL\u00c4NGERT"},{"@type":"BreadcrumbList","@id":"https:\/\/carpartsinmotion.com\/de\/produkt\/gestellaufbau-motorhaube-kotfluegel-tuerblech-verlaengert\/#breadcrumb","itemListElement":[{"@type":"ListItem","position":1,"name":"Home","item":"https:\/\/carpartsinmotion.com\/de\/"},{"@type":"ListItem","position":2,"name":"Produkte","item":"https:\/\/carpartsinmotion.com\/de\/shop\/"},{"@type":"ListItem","position":3,"name":"Vorderbau wagen (Motorhaube, Kotfluegel, T\u00fcrbleche) VERL\u00c4NGERT"}]},{"@type":"WebSite","@id":"https:\/\/carpartsinmotion.com\/de\/#website","url":"https:\/\/carpartsinmotion.com\/de\/","name":"Car Parts in Motion","description":"Gespecialiseerd leverancier van plaatwerk- en trainingsmaterialen voor de automotive sector.","publisher":{"@id":"https:\/\/carpartsinmotion.com\/de\/#organization"},"potentialAction":[{"@type":"SearchAction","target":{"@type":"EntryPoint","urlTemplate":"https:\/\/carpartsinmotion.com\/de\/?s={search_term_string}"},"query-input":{"@type":"PropertyValueSpecification","valueRequired":true,"valueName":"search_term_string"}}],"inLanguage":"de"},{"@type":"Organization","@id":"https:\/\/carpartsinmotion.com\/de\/#organization","name":"Car Parts in Motion","url":"https:\/\/carpartsinmotion.com\/de\/","logo":{"@type":"ImageObject","inLanguage":"de","@id":"https:\/\/carpartsinmotion.com\/de\/#\/schema\/logo\/image\/","url":"https:\/\/carpartsinmotion.com\/wp-content\/uploads\/2025\/08\/CPIM-logo-web.png","contentUrl":"https:\/\/carpartsinmotion.com\/wp-content\/uploads\/2025\/08\/CPIM-logo-web.png","width":161,"height":59,"caption":"Car Parts in Motion"},"image":{"@id":"https:\/\/carpartsinmotion.com\/de\/#\/schema\/logo\/image\/"}}]}},"_links":{"self":[{"href":"https:\/\/carpartsinmotion.com\/de\/wp-json\/wp\/v2\/product\/2372","targetHints":{"allow":["GET"]}}],"collection":[{"href":"https:\/\/carpartsinmotion.com\/de\/wp-json\/wp\/v2\/product"}],"about":[{"href":"https:\/\/carpartsinmotion.com\/de\/wp-json\/wp\/v2\/types\/product"}],"wp:featuredmedia":[{"embeddable":true,"href":"https:\/\/carpartsinmotion.com\/de\/wp-json\/wp\/v2\/media\/2385"}],"wp:attachment":[{"href":"https:\/\/carpartsinmotion.com\/de\/wp-json\/wp\/v2\/media?parent=2372"}],"wp:term":[{"taxonomy":"product_brand","embeddable":true,"href":"https:\/\/carpartsinmotion.com\/de\/wp-json\/wp\/v2\/product_brand?post=2372"},{"taxonomy":"product_cat","embeddable":true,"href":"https:\/\/carpartsinmotion.com\/de\/wp-json\/wp\/v2\/product_cat?post=2372"},{"taxonomy":"product_tag","embeddable":true,"href":"https:\/\/carpartsinmotion.com\/de\/wp-json\/wp\/v2\/product_tag?post=2372"}],"curies":[{"name":"wp","href":"https:\/\/api.w.org\/{rel}","templated":true}]}}