{"id":4050,"date":"2026-03-13T16:38:15","date_gmt":"2026-03-13T15:38:15","guid":{"rendered":"https:\/\/carpartsinmotion.com\/product\/bollerwagen\/"},"modified":"2026-03-13T16:38:15","modified_gmt":"2026-03-13T15:38:15","slug":"bollerwagen","status":"publish","type":"product","link":"https:\/\/carpartsinmotion.com\/de\/produkt\/bollerwagen\/","title":{"rendered":"Bollerwagen"},"content":{"rendered":"<p>inklusive R\u00e4der, <strong>ohne Magnete. <\/strong>Geeignet in Kombination mit Stahl- \/ Aluminiumplatten. <strong><br \/>\n<em>200 CM x 100 CM x 170 CM hoch (inkl. R\u00e4der)<\/em><br \/>\n<\/strong><\/p>\n<p><strong>ACHTUNG; Dieser Handwagen ist auch in anderen Abmessungen erh\u00e4ltlich. Zum Beispiel 100 x 100 cm oder 300 x 100 cm. Kontaktieren Sie uns f\u00fcr die M\u00f6glichkeiten!!   <\/strong><\/p>\n","protected":false},"excerpt":{"rendered":"<p>inklusive R\u00e4der, ohne Magnete. Geeignet in Kombination mit Stahl- \/ Aluminiumplatten. 200 CM x 100 CM x 170 CM hoch (inkl. R\u00e4der) ACHTUNG; Dieser Handwagen ist auch in anderen Abmessungen erh\u00e4ltlich. Zum Beispiel 100 x 100 cm oder 300 x 100 cm. Kontaktieren Sie uns f\u00fcr die M\u00f6glichkeiten!!<\/p>\n","protected":false},"featured_media":4046,"template":"","meta":{"_et_pb_use_builder":"","_et_pb_old_content":"","_et_gb_content_width":""},"product_brand":[],"product_cat":[76],"product_tag":[],"class_list":{"0":"post-4050","1":"product","2":"type-product","3":"status-publish","4":"has-post-thumbnail","6":"product_cat-stander-lagergestelle","8":"first","9":"instock","10":"shipping-taxable","11":"product-type-simple"},"yoast_head":"<!-- This site is optimized with the Yoast SEO plugin v27.3 - https:\/\/yoast.com\/product\/yoast-seo-wordpress\/ -->\n<title>Bollerwagen | Car Parts in Motion<\/title>\n<meta name=\"robots\" content=\"index, follow, max-snippet:-1, max-image-preview:large, max-video-preview:-1\" \/>\n<link rel=\"canonical\" href=\"https:\/\/carpartsinmotion.com\/de\/produkt\/bollerwagen\/\" \/>\n<meta property=\"og:locale\" content=\"de_DE\" \/>\n<meta property=\"og:type\" content=\"article\" \/>\n<meta property=\"og:title\" content=\"Bollerwagen | Car Parts in Motion\" \/>\n<meta property=\"og:description\" content=\"inklusive R\u00e4der, ohne Magnete. Geeignet in Kombination mit Stahl- \/ Aluminiumplatten. 200 CM x 100 CM x 170 CM hoch (inkl. R\u00e4der) ACHTUNG; Dieser Handwagen ist auch in anderen Abmessungen erh\u00e4ltlich. Zum Beispiel 100 x 100 cm oder 300 x 100 cm. Kontaktieren Sie uns f\u00fcr die M\u00f6glichkeiten!!\" \/>\n<meta property=\"og:url\" content=\"https:\/\/carpartsinmotion.com\/de\/produkt\/bollerwagen\/\" \/>\n<meta property=\"og:site_name\" content=\"Car Parts in Motion\" \/>\n<meta property=\"og:image\" content=\"https:\/\/carpartsinmotion.com\/wp-content\/uploads\/2026\/03\/2981011938-scaled.png\" \/>\n\t<meta property=\"og:image:width\" content=\"2880\" \/>\n\t<meta property=\"og:image:height\" content=\"1620\" \/>\n\t<meta property=\"og:image:type\" content=\"image\/png\" \/>\n<meta name=\"twitter:card\" content=\"summary_large_image\" \/>\n<script type=\"application\/ld+json\" class=\"yoast-schema-graph\">{\"@context\":\"https:\\\/\\\/schema.org\",\"@graph\":[{\"@type\":\"WebPage\",\"@id\":\"https:\\\/\\\/carpartsinmotion.com\\\/de\\\/produkt\\\/bollerwagen\\\/\",\"url\":\"https:\\\/\\\/carpartsinmotion.com\\\/de\\\/produkt\\\/bollerwagen\\\/\",\"name\":\"Bollerwagen | Car Parts in Motion\",\"isPartOf\":{\"@id\":\"https:\\\/\\\/carpartsinmotion.com\\\/de\\\/#website\"},\"primaryImageOfPage\":{\"@id\":\"https:\\\/\\\/carpartsinmotion.com\\\/de\\\/produkt\\\/bollerwagen\\\/#primaryimage\"},\"image\":{\"@id\":\"https:\\\/\\\/carpartsinmotion.com\\\/de\\\/produkt\\\/bollerwagen\\\/#primaryimage\"},\"thumbnailUrl\":\"https:\\\/\\\/carpartsinmotion.com\\\/wp-content\\\/uploads\\\/2026\\\/03\\\/2981011938-scaled.png\",\"datePublished\":\"2026-03-13T15:38:15+00:00\",\"breadcrumb\":{\"@id\":\"https:\\\/\\\/carpartsinmotion.com\\\/de\\\/produkt\\\/bollerwagen\\\/#breadcrumb\"},\"inLanguage\":\"de\",\"potentialAction\":[{\"@type\":\"ReadAction\",\"target\":[\"https:\\\/\\\/carpartsinmotion.com\\\/de\\\/produkt\\\/bollerwagen\\\/\"]}]},{\"@type\":\"ImageObject\",\"inLanguage\":\"de\",\"@id\":\"https:\\\/\\\/carpartsinmotion.com\\\/de\\\/produkt\\\/bollerwagen\\\/#primaryimage\",\"url\":\"https:\\\/\\\/carpartsinmotion.com\\\/wp-content\\\/uploads\\\/2026\\\/03\\\/2981011938-scaled.png\",\"contentUrl\":\"https:\\\/\\\/carpartsinmotion.com\\\/wp-content\\\/uploads\\\/2026\\\/03\\\/2981011938-scaled.png\",\"width\":2880,\"height\":1620},{\"@type\":\"BreadcrumbList\",\"@id\":\"https:\\\/\\\/carpartsinmotion.com\\\/de\\\/produkt\\\/bollerwagen\\\/#breadcrumb\",\"itemListElement\":[{\"@type\":\"ListItem\",\"position\":1,\"name\":\"Home\",\"item\":\"https:\\\/\\\/carpartsinmotion.com\\\/de\\\/\"},{\"@type\":\"ListItem\",\"position\":2,\"name\":\"Produkte\",\"item\":\"https:\\\/\\\/carpartsinmotion.com\\\/de\\\/shop\\\/\"},{\"@type\":\"ListItem\",\"position\":3,\"name\":\"Bollerwagen\"}]},{\"@type\":\"WebSite\",\"@id\":\"https:\\\/\\\/carpartsinmotion.com\\\/de\\\/#website\",\"url\":\"https:\\\/\\\/carpartsinmotion.com\\\/de\\\/\",\"name\":\"Car Parts in Motion\",\"description\":\"Gespecialiseerd leverancier van plaatwerk- en trainingsmaterialen voor de automotive sector.\",\"publisher\":{\"@id\":\"https:\\\/\\\/carpartsinmotion.com\\\/de\\\/#organization\"},\"potentialAction\":[{\"@type\":\"SearchAction\",\"target\":{\"@type\":\"EntryPoint\",\"urlTemplate\":\"https:\\\/\\\/carpartsinmotion.com\\\/de\\\/?s={search_term_string}\"},\"query-input\":{\"@type\":\"PropertyValueSpecification\",\"valueRequired\":true,\"valueName\":\"search_term_string\"}}],\"inLanguage\":\"de\"},{\"@type\":\"Organization\",\"@id\":\"https:\\\/\\\/carpartsinmotion.com\\\/de\\\/#organization\",\"name\":\"Car Parts in Motion\",\"url\":\"https:\\\/\\\/carpartsinmotion.com\\\/de\\\/\",\"logo\":{\"@type\":\"ImageObject\",\"inLanguage\":\"de\",\"@id\":\"https:\\\/\\\/carpartsinmotion.com\\\/de\\\/#\\\/schema\\\/logo\\\/image\\\/\",\"url\":\"https:\\\/\\\/carpartsinmotion.com\\\/wp-content\\\/uploads\\\/2025\\\/08\\\/CPIM-logo-web.png\",\"contentUrl\":\"https:\\\/\\\/carpartsinmotion.com\\\/wp-content\\\/uploads\\\/2025\\\/08\\\/CPIM-logo-web.png\",\"width\":161,\"height\":59,\"caption\":\"Car Parts in Motion\"},\"image\":{\"@id\":\"https:\\\/\\\/carpartsinmotion.com\\\/de\\\/#\\\/schema\\\/logo\\\/image\\\/\"}}]}<\/script>\n<!-- \/ Yoast SEO plugin. -->","yoast_head_json":{"title":"Bollerwagen | Car Parts in Motion","robots":{"index":"index","follow":"follow","max-snippet":"max-snippet:-1","max-image-preview":"max-image-preview:large","max-video-preview":"max-video-preview:-1"},"canonical":"https:\/\/carpartsinmotion.com\/de\/produkt\/bollerwagen\/","og_locale":"de_DE","og_type":"article","og_title":"Bollerwagen | Car Parts in Motion","og_description":"inklusive R\u00e4der, ohne Magnete. Geeignet in Kombination mit Stahl- \/ Aluminiumplatten. 200 CM x 100 CM x 170 CM hoch (inkl. R\u00e4der) ACHTUNG; Dieser Handwagen ist auch in anderen Abmessungen erh\u00e4ltlich. Zum Beispiel 100 x 100 cm oder 300 x 100 cm. Kontaktieren Sie uns f\u00fcr die M\u00f6glichkeiten!!","og_url":"https:\/\/carpartsinmotion.com\/de\/produkt\/bollerwagen\/","og_site_name":"Car Parts in Motion","og_image":[{"width":2880,"height":1620,"url":"https:\/\/carpartsinmotion.com\/wp-content\/uploads\/2026\/03\/2981011938-scaled.png","type":"image\/png"}],"twitter_card":"summary_large_image","schema":{"@context":"https:\/\/schema.org","@graph":[{"@type":"WebPage","@id":"https:\/\/carpartsinmotion.com\/de\/produkt\/bollerwagen\/","url":"https:\/\/carpartsinmotion.com\/de\/produkt\/bollerwagen\/","name":"Bollerwagen | Car Parts in Motion","isPartOf":{"@id":"https:\/\/carpartsinmotion.com\/de\/#website"},"primaryImageOfPage":{"@id":"https:\/\/carpartsinmotion.com\/de\/produkt\/bollerwagen\/#primaryimage"},"image":{"@id":"https:\/\/carpartsinmotion.com\/de\/produkt\/bollerwagen\/#primaryimage"},"thumbnailUrl":"https:\/\/carpartsinmotion.com\/wp-content\/uploads\/2026\/03\/2981011938-scaled.png","datePublished":"2026-03-13T15:38:15+00:00","breadcrumb":{"@id":"https:\/\/carpartsinmotion.com\/de\/produkt\/bollerwagen\/#breadcrumb"},"inLanguage":"de","potentialAction":[{"@type":"ReadAction","target":["https:\/\/carpartsinmotion.com\/de\/produkt\/bollerwagen\/"]}]},{"@type":"ImageObject","inLanguage":"de","@id":"https:\/\/carpartsinmotion.com\/de\/produkt\/bollerwagen\/#primaryimage","url":"https:\/\/carpartsinmotion.com\/wp-content\/uploads\/2026\/03\/2981011938-scaled.png","contentUrl":"https:\/\/carpartsinmotion.com\/wp-content\/uploads\/2026\/03\/2981011938-scaled.png","width":2880,"height":1620},{"@type":"BreadcrumbList","@id":"https:\/\/carpartsinmotion.com\/de\/produkt\/bollerwagen\/#breadcrumb","itemListElement":[{"@type":"ListItem","position":1,"name":"Home","item":"https:\/\/carpartsinmotion.com\/de\/"},{"@type":"ListItem","position":2,"name":"Produkte","item":"https:\/\/carpartsinmotion.com\/de\/shop\/"},{"@type":"ListItem","position":3,"name":"Bollerwagen"}]},{"@type":"WebSite","@id":"https:\/\/carpartsinmotion.com\/de\/#website","url":"https:\/\/carpartsinmotion.com\/de\/","name":"Car Parts in Motion","description":"Gespecialiseerd leverancier van plaatwerk- en trainingsmaterialen voor de automotive sector.","publisher":{"@id":"https:\/\/carpartsinmotion.com\/de\/#organization"},"potentialAction":[{"@type":"SearchAction","target":{"@type":"EntryPoint","urlTemplate":"https:\/\/carpartsinmotion.com\/de\/?s={search_term_string}"},"query-input":{"@type":"PropertyValueSpecification","valueRequired":true,"valueName":"search_term_string"}}],"inLanguage":"de"},{"@type":"Organization","@id":"https:\/\/carpartsinmotion.com\/de\/#organization","name":"Car Parts in Motion","url":"https:\/\/carpartsinmotion.com\/de\/","logo":{"@type":"ImageObject","inLanguage":"de","@id":"https:\/\/carpartsinmotion.com\/de\/#\/schema\/logo\/image\/","url":"https:\/\/carpartsinmotion.com\/wp-content\/uploads\/2025\/08\/CPIM-logo-web.png","contentUrl":"https:\/\/carpartsinmotion.com\/wp-content\/uploads\/2025\/08\/CPIM-logo-web.png","width":161,"height":59,"caption":"Car Parts in Motion"},"image":{"@id":"https:\/\/carpartsinmotion.com\/de\/#\/schema\/logo\/image\/"}}]}},"_links":{"self":[{"href":"https:\/\/carpartsinmotion.com\/de\/wp-json\/wp\/v2\/product\/4050","targetHints":{"allow":["GET"]}}],"collection":[{"href":"https:\/\/carpartsinmotion.com\/de\/wp-json\/wp\/v2\/product"}],"about":[{"href":"https:\/\/carpartsinmotion.com\/de\/wp-json\/wp\/v2\/types\/product"}],"wp:featuredmedia":[{"embeddable":true,"href":"https:\/\/carpartsinmotion.com\/de\/wp-json\/wp\/v2\/media\/4046"}],"wp:attachment":[{"href":"https:\/\/carpartsinmotion.com\/de\/wp-json\/wp\/v2\/media?parent=4050"}],"wp:term":[{"taxonomy":"product_brand","embeddable":true,"href":"https:\/\/carpartsinmotion.com\/de\/wp-json\/wp\/v2\/product_brand?post=4050"},{"taxonomy":"product_cat","embeddable":true,"href":"https:\/\/carpartsinmotion.com\/de\/wp-json\/wp\/v2\/product_cat?post=4050"},{"taxonomy":"product_tag","embeddable":true,"href":"https:\/\/carpartsinmotion.com\/de\/wp-json\/wp\/v2\/product_tag?post=4050"}],"curies":[{"name":"wp","href":"https:\/\/api.w.org\/{rel}","templated":true}]}}